{"id":7956,"date":"2025-04-22T19:19:26","date_gmt":"2025-04-22T23:19:26","guid":{"rendered":"https:\/\/apbarberstudio.com\/sobre-nosotros\/"},"modified":"2025-10-03T09:28:30","modified_gmt":"2025-10-03T13:28:30","slug":"sobre-nosotros","status":"publish","type":"page","link":"https:\/\/apbarberstudio.com\/es\/sobre-nosotros\/","title":{"rendered":"Sobre nosotros"},"content":{"rendered":"<p>[et_pb_section fb_built=\u00bb1&#8243; _builder_version=\u00bb4.27.4&#8243; _module_preset=\u00bbdefault\u00bb background_color=\u00bb#292929&#8243; custom_padding=\u00bb0px||0px||true|false\u00bb global_colors_info=\u00bb{}\u00bb][et_pb_row column_structure=\u00bb1_2,1_2&#8243; use_custom_gutter=\u00bbon\u00bb gutter_width=\u00bb1&#8243; make_equal=\u00bbon\u00bb _builder_version=\u00bb4.27.4&#8243; _module_preset=\u00bbdefault\u00bb width=\u00bb100%\u00bb max_width=\u00bb100%\u00bb custom_padding=\u00bb0px||0px||true|false\u00bb custom_css_free_form=\u00bb@media (min-width: 981px) {||selector {||display:flex;||flex-direction:row;||justify-content:center;||align-content:center;||align-items:center;||}||}\u00bb global_colors_info=\u00bb{}\u00bb][et_pb_column type=\u00bb1_2&#8243; _builder_version=\u00bb4.27.4&#8243; _module_preset=\u00bbdefault\u00bb global_colors_info=\u00bb{}\u00bb][et_pb_image src=\u00bbhttps:\/\/apbarberstudio.com\/wp-content\/uploads\/2025\/05\/LDF-24.jpg\u00bb title_text=\u00bbLDF-24&#8243; module_class=\u00bbfull-image-column\u00bb _builder_version=\u00bb4.27.4&#8243; _module_preset=\u00bbdefault\u00bb min_height_last_edited=\u00bboff|phone\u00bb global_colors_info=\u00bb{}\u00bb][\/et_pb_image][\/et_pb_column][et_pb_column type=\u00bb1_2&#8243; _builder_version=\u00bb4.27.4&#8243; _module_preset=\u00bbdefault\u00bb custom_padding=\u00bb|10%||5%|true|false\u00bb custom_padding_tablet=\u00bb60px|10%|60px|5%|true|false\u00bb custom_padding_phone=\u00bb40px||40px||true|false\u00bb custom_padding_last_edited=\u00bbon|phone\u00bb global_colors_info=\u00bb{}\u00bb][et_pb_text _builder_version=\u00bb4.27.4&#8243; _module_preset=\u00bbdefault\u00bb text_font=\u00bb||||||||\u00bb text_text_color=\u00bb#BE1E2D\u00bb text_font_size=\u00bb22px\u00bb header_font=\u00bb|||on|||||\u00bb header_text_color=\u00bb#FFFFFF\u00bb custom_margin=\u00bb||6px||false|false\u00bb locked=\u00bboff\u00bb global_colors_info=\u00bb{}\u00bb]<\/p>\n<p>Sobre nosotros<\/p>\n<p>[\/et_pb_text][et_pb_text content_tablet=\u00bb<\/p>\n<h1>Armando Palacios<br \/>Barber Studio<\/h1>\n<p>\u00bb content_phone=\u00bb<\/p>\n<h1>Armando Palacios Barber Studio<\/h1>\n<p>\u00bb content_last_edited=\u00bboff|desktop\u00bb _builder_version=\u00bb4.27.4&#8243; _module_preset=\u00bbdefault\u00bb header_font=\u00bb|||on|||||\u00bb header_text_color=\u00bb#FFFFFF\u00bb custom_margin=\u00bb||15px||false|false\u00bb locked=\u00bboff\u00bb global_colors_info=\u00bb{}\u00bb]<\/p>\n<h1>Armando Palacios<br \/>Barber Studio<\/h1>\n<p>[\/et_pb_text][et_pb_text _builder_version=\u00bb4.27.4&#8243; _module_preset=\u00bbdefault\u00bb text_text_color=\u00bb#FFFFFF\u00bb global_colors_info=\u00bb{}\u00bb]<\/p>\n<p>Experimenta una barber\u00eda construida sobre la dedicaci\u00f3n, el arte y el compromiso con un estilo personalizado. Nos esforzamos por ofrecer algo m\u00e1s que un simple corte de pelo. <\/p>\n<p>[\/et_pb_text][\/et_pb_column][\/et_pb_row][\/et_pb_section][et_pb_section fb_built=\u00bb1&#8243; custom_padding_last_edited=\u00bbon|phone\u00bb _builder_version=\u00bb4.27.4&#8243; _module_preset=\u00bbdefault\u00bb custom_padding=\u00bb120px||||false|false\u00bb custom_padding_tablet=\u00bb60px||||false|false\u00bb custom_padding_phone=\u00bb30px||||false|false\u00bb global_colors_info=\u00bb{}\u00bb][et_pb_row column_structure=\u00bb1_2,1_2&#8243; use_custom_gutter=\u00bbon\u00bb gutter_width=\u00bb3&#8243; make_equal=\u00bbon\u00bb module_class=\u00bbreverse\u00bb _builder_version=\u00bb4.27.4&#8243; _module_preset=\u00bbdefault\u00bb width=\u00bb70%\u00bb width_tablet=\u00bb90%\u00bb width_phone=\u00bb90%\u00bb width_last_edited=\u00bbon|desktop\u00bb custom_padding=\u00bb||60px||false|false\u00bb global_colors_info=\u00bb{}\u00bb][et_pb_column type=\u00bb1_2&#8243; _builder_version=\u00bb4.27.4&#8243; _module_preset=\u00bbdefault\u00bb custom_css_free_form=\u00bb@media (min-width: 981px) {||selector {||display:flex;||flex-direction:column;||justify-content:center;||align-content:center;||}||}\u00bb global_colors_info=\u00bb{}\u00bb][et_pb_text _builder_version=\u00bb4.27.4&#8243; _module_preset=\u00bbdefault\u00bb header_2_font=\u00bb|||on|||||\u00bb header_3_text_color=\u00bb#292929&#8243; custom_margin=\u00bb||15px||false|false\u00bb global_colors_info=\u00bb{}\u00bb]<\/p>\n<h2>De la pasi\u00f3n a la profesi\u00f3n<\/h2>\n<p>[\/et_pb_text][et_pb_text _builder_version=\u00bb4.27.4&#8243; _module_preset=\u00bbdefault\u00bb global_colors_info=\u00bb{}\u00bb]<\/p>\n<p>Me llamo <span style=\"color: #be1e2d;\">Armando Palacios<\/span>, y soy la fuerza impulsora detr\u00e1s de Armando Palacios Barber Studio. La barber\u00eda no es solo mi profesi\u00f3n, es mi pasi\u00f3n. <\/p>\n<p>Desde que llegu\u00e9 a Miami hace siete a\u00f1os, he asumido el reto de perfeccionar mi oficio y crear algo realmente especial.<\/p>\n<p>Imagin\u00e9 un concepto de barber\u00eda que fuera m\u00e1s all\u00e1 de lo ordinario: un lugar que combinara la excelencia t\u00e9cnica con la calidez y el servicio personalizado. Me da mucha alegr\u00eda ver que esa visi\u00f3n se hace realidad, ofreciendo una experiencia en la que cada cliente recibe una atenci\u00f3n meticulosa y se va sinti\u00e9ndose seguro y renovado. <\/p>\n<p>[\/et_pb_text][\/et_pb_column][et_pb_column type=\u00bb1_2&#8243; _builder_version=\u00bb4.27.4&#8243; _module_preset=\u00bbdefault\u00bb global_colors_info=\u00bb{}\u00bb][et_pb_image src=\u00bbhttps:\/\/apbarberstudio.com\/wp-content\/uploads\/2025\/05\/LDF-40.jpg\u00bb title_text=\u00bbLDF-40&#8243; module_class=\u00bbfull-col-image\u00bb _builder_version=\u00bb4.27.4&#8243; _module_preset=\u00bbdefault\u00bb border_radii=\u00bbon|10px|10px|10px|10px\u00bb global_colors_info=\u00bb{}\u00bb][\/et_pb_image][\/et_pb_column][\/et_pb_row][et_pb_row column_structure=\u00bb1_2,1_2&#8243; use_custom_gutter=\u00bbon\u00bb gutter_width=\u00bb3&#8243; make_equal=\u00bbon\u00bb custom_padding_last_edited=\u00bbon|phone\u00bb _builder_version=\u00bb4.27.4&#8243; _module_preset=\u00bbdefault\u00bb width=\u00bb70%\u00bb width_tablet=\u00bb90%\u00bb width_phone=\u00bb90%\u00bb width_last_edited=\u00bbon|phone\u00bb custom_padding=\u00bb||45px||false|false\u00bb custom_padding_tablet=\u00bb||30px||false|false\u00bb custom_padding_phone=\u00bb||10px||false|false\u00bb global_colors_info=\u00bb{}\u00bb][et_pb_column type=\u00bb1_2&#8243; _builder_version=\u00bb4.27.4&#8243; _module_preset=\u00bbdefault\u00bb global_colors_info=\u00bb{}\u00bb][et_pb_image src=\u00bbhttps:\/\/apbarberstudio.com\/wp-content\/uploads\/2025\/05\/LDF-136-e1748377101420.jpeg\u00bb title_text=\u00bbLDF-136&#8243; module_class=\u00bbfull-col-image\u00bb _builder_version=\u00bb4.27.4&#8243; _module_preset=\u00bbdefault\u00bb hover_enabled=\u00bb0&#8243; border_radii=\u00bbon|10px|10px|10px|10px\u00bb global_colors_info=\u00bb{}\u00bb sticky_enabled=\u00bb0&#8243;][\/et_pb_image][\/et_pb_column][et_pb_column type=\u00bb1_2&#8243; _builder_version=\u00bb4.27.4&#8243; _module_preset=\u00bbdefault\u00bb custom_css_free_form=\u00bb@media (min-width: 981px) {||selector {||display:flex;||flex-direction:column;||justify-content:center;||align-content:center;||}||}\u00bb global_colors_info=\u00bb{}\u00bb][et_pb_text _builder_version=\u00bb4.27.4&#8243; _module_preset=\u00bbdefault\u00bb header_2_font=\u00bb|||on|||||\u00bb header_3_text_color=\u00bb#292929&#8243; custom_margin=\u00bb||15px||false|false\u00bb hover_enabled=\u00bb0&#8243; global_colors_info=\u00bb{}\u00bb sticky_enabled=\u00bb0&#8243;]<\/p>\n<h2>UN EQUIPO ALINEADO BAJO LOS MISMOS EST\u00c1NDARES<\/h2>\n<p>[\/et_pb_text][et_pb_text _builder_version=\u00bb4.27.4&#8243; _module_preset=\u00bbdefault\u00bb hover_enabled=\u00bb0&#8243; global_colors_info=\u00bb{}\u00bb sticky_enabled=\u00bb0&#8243;]<\/p>\n<p>La calidad y el servicio son nuestra regla n\u00famero uno, y todo nuestro equipo est\u00e1 alineado con el mismo objetivo. Creemos en la formaci\u00f3n continua para garantizar que cada barbero ofrezca una calidad constante. Nuestro compromiso es que cada cliente, independientemente del barbero que elija, reciba el mismo alto nivel de servicio. Nos esforzamos por hacer de la excelencia la norma en todo nuestro equipo.   <\/p>\n<p>[\/et_pb_text][\/et_pb_column][\/et_pb_row][\/et_pb_section][et_pb_section fb_built=\u00bb1&#8243; custom_padding_last_edited=\u00bbon|phone\u00bb _builder_version=\u00bb4.27.4&#8243; _module_preset=\u00bbdefault\u00bb custom_padding=\u00bb||60px||false|false\u00bb custom_padding_tablet=\u00bb||60px||false|false\u00bb custom_padding_phone=\u00bb||60px||false|false\u00bb global_colors_info=\u00bb{}\u00bb][et_pb_row custom_padding_last_edited=\u00bbon|phone\u00bb _builder_version=\u00bb4.27.4&#8243; _module_preset=\u00bbdefault\u00bb custom_margin=\u00bb||0px||false|false\u00bb custom_padding=\u00bb0px||45px||false|false\u00bb custom_padding_tablet=\u00bb||25px||false|false\u00bb custom_padding_phone=\u00bb||25px||false|false\u00bb global_colors_info=\u00bb{}\u00bb][et_pb_column type=\u00bb4_4&#8243; _builder_version=\u00bb4.27.4&#8243; _module_preset=\u00bbdefault\u00bb global_colors_info=\u00bb{}\u00bb][et_pb_text _builder_version=\u00bb4.27.4&#8243; _module_preset=\u00bbdefault\u00bb header_2_font=\u00bb|||on|||||\u00bb header_2_text_align=\u00bbcenter\u00bb custom_margin=\u00bb||10px||false|false\u00bb global_colors_info=\u00bb{}\u00bb]<\/p>\n<h2>Nuestros clientes<\/h2>\n<p>[\/et_pb_text][\/et_pb_column][\/et_pb_row][et_pb_row _builder_version=\u00bb4.27.4&#8243; _module_preset=\u00bbdefault\u00bb width=\u00bb100%\u00bb max_width=\u00bb100%\u00bb custom_padding=\u00bb0px||0px||false|false\u00bb global_colors_info=\u00bb{}\u00bb][et_pb_column type=\u00bb4_4&#8243; _builder_version=\u00bb4.27.4&#8243; _module_preset=\u00bbdefault\u00bb global_colors_info=\u00bb{}\u00bb][difl_imagecarousel variable_width=\u00bbon\u00bb item_height=\u00bb600px\u00bb centered_slides=\u00bbon\u00bb loop=\u00bbon\u00bb autoplay=\u00bbon\u00bb arrow=\u00bbon\u00bb arrow_prev_icon_use_icon=\u00bbon\u00bb arrow_prev_icon_font_icon=\u00bb&#x34;||divi||400&#8243; arrow_prev_icon_icon_size=\u00bb60px\u00bb arrow_next_icon_use_icon=\u00bbon\u00bb arrow_next_icon_font_icon=\u00bb&#x35;||divi||400&#8243; arrow_next_icon_icon_size=\u00bb60px\u00bb arrow_color=\u00bb#FFFFFF\u00bb arrow_background=\u00bbRGBA(255,255,255,0)\u00bb arrow_prev_margin_tablet=\u00bb\u00bb arrow_prev_margin_phone=\u00bb\u00bb arrow_prev_margin_last_edited=\u00bbon|tablet\u00bb arrow_next_margin_tablet=\u00bb\u00bb arrow_next_margin_phone=\u00bb|4px|||false|false\u00bb arrow_next_margin_last_edited=\u00bbon|desktop\u00bb item_height_tablet=\u00bb600px\u00bb item_height_phone=\u00bb500px\u00bb item_height_last_edited=\u00bbon|phone\u00bb _builder_version=\u00bb4.27.4&#8243; _module_preset=\u00bbdefault\u00bb border_radii=\u00bbon|6px|6px|6px|6px\u00bb global_colors_info=\u00bb{}\u00bb][difl_imagecarouselitem image=\u00bbhttps:\/\/apbarberstudio.com\/wp-content\/uploads\/2025\/05\/1.jpg\u00bb ic_button_button_url_new_window=\u00bb1&#8243; _builder_version=\u00bb4.27.4&#8243; _module_preset=\u00bbdefault\u00bb global_colors_info=\u00bb{}\u00bb][\/difl_imagecarouselitem][difl_imagecarouselitem image=\u00bbhttps:\/\/apbarberstudio.com\/wp-content\/uploads\/2025\/05\/2.jpg\u00bb ic_button_button_url_new_window=\u00bb1&#8243; _builder_version=\u00bb4.27.4&#8243; _module_preset=\u00bbdefault\u00bb global_colors_info=\u00bb{}\u00bb][\/difl_imagecarouselitem][difl_imagecarouselitem image=\u00bbhttps:\/\/apbarberstudio.com\/wp-content\/uploads\/2025\/05\/3.jpg\u00bb ic_button_button_url_new_window=\u00bb1&#8243; _builder_version=\u00bb4.27.4&#8243; _module_preset=\u00bbdefault\u00bb global_colors_info=\u00bb{}\u00bb][\/difl_imagecarouselitem][difl_imagecarouselitem image=\u00bbhttps:\/\/apbarberstudio.com\/wp-content\/uploads\/2025\/05\/4.jpg\u00bb ic_button_button_url_new_window=\u00bb1&#8243; _builder_version=\u00bb4.27.4&#8243; _module_preset=\u00bbdefault\u00bb global_colors_info=\u00bb{}\u00bb][\/difl_imagecarouselitem][difl_imagecarouselitem image=\u00bbhttps:\/\/apbarberstudio.com\/wp-content\/uploads\/2025\/05\/5.jpg\u00bb ic_button_button_url_new_window=\u00bb1&#8243; _builder_version=\u00bb4.27.4&#8243; _module_preset=\u00bbdefault\u00bb global_colors_info=\u00bb{}\u00bb][\/difl_imagecarouselitem][difl_imagecarouselitem image=\u00bbhttps:\/\/apbarberstudio.com\/wp-content\/uploads\/2025\/05\/6.jpg\u00bb ic_button_button_url_new_window=\u00bb1&#8243; _builder_version=\u00bb4.27.4&#8243; _module_preset=\u00bbdefault\u00bb global_colors_info=\u00bb{}\u00bb][\/difl_imagecarouselitem][difl_imagecarouselitem image=\u00bbhttps:\/\/apbarberstudio.com\/wp-content\/uploads\/2025\/05\/7.jpg\u00bb ic_button_button_url_new_window=\u00bb1&#8243; _builder_version=\u00bb4.27.4&#8243; _module_preset=\u00bbdefault\u00bb global_colors_info=\u00bb{}\u00bb][\/difl_imagecarouselitem][difl_imagecarouselitem image=\u00bbhttps:\/\/apbarberstudio.com\/wp-content\/uploads\/2025\/05\/8.jpg\u00bb ic_button_button_url_new_window=\u00bb1&#8243; _builder_version=\u00bb4.27.4&#8243; _module_preset=\u00bbdefault\u00bb global_colors_info=\u00bb{}\u00bb][\/difl_imagecarouselitem][difl_imagecarouselitem image=\u00bbhttps:\/\/apbarberstudio.com\/wp-content\/uploads\/2025\/05\/9.jpg\u00bb ic_button_button_url_new_window=\u00bb1&#8243; _builder_version=\u00bb4.27.4&#8243; _module_preset=\u00bbdefault\u00bb global_colors_info=\u00bb{}\u00bb][\/difl_imagecarouselitem][difl_imagecarouselitem image=\u00bbhttps:\/\/apbarberstudio.com\/wp-content\/uploads\/2025\/05\/10.jpg\u00bb ic_button_button_url_new_window=\u00bb1&#8243; _builder_version=\u00bb4.27.4&#8243; _module_preset=\u00bbdefault\u00bb global_colors_info=\u00bb{}\u00bb][\/difl_imagecarouselitem][difl_imagecarouselitem image=\u00bbhttps:\/\/apbarberstudio.com\/wp-content\/uploads\/2025\/05\/11.jpg\u00bb ic_button_button_url_new_window=\u00bb1&#8243; _builder_version=\u00bb4.27.4&#8243; _module_preset=\u00bbdefault\u00bb global_colors_info=\u00bb{}\u00bb][\/difl_imagecarouselitem][difl_imagecarouselitem image=\u00bbhttps:\/\/apbarberstudio.com\/wp-content\/uploads\/2025\/05\/12.jpg\u00bb ic_button_button_url_new_window=\u00bb1&#8243; _builder_version=\u00bb4.27.4&#8243; _module_preset=\u00bbdefault\u00bb global_colors_info=\u00bb{}\u00bb][\/difl_imagecarouselitem][difl_imagecarouselitem image=\u00bbhttps:\/\/apbarberstudio.com\/wp-content\/uploads\/2025\/05\/13.jpg\u00bb ic_button_button_url_new_window=\u00bb1&#8243; _builder_version=\u00bb4.27.4&#8243; _module_preset=\u00bbdefault\u00bb global_colors_info=\u00bb{}\u00bb][\/difl_imagecarouselitem][difl_imagecarouselitem image=\u00bbhttps:\/\/apbarberstudio.com\/wp-content\/uploads\/2025\/05\/14.jpg\u00bb ic_button_button_url_new_window=\u00bb1&#8243; _builder_version=\u00bb4.27.4&#8243; _module_preset=\u00bbdefault\u00bb global_colors_info=\u00bb{}\u00bb][\/difl_imagecarouselitem][\/difl_imagecarousel][difl_advanced_button button_text=\u00bbRESERVAR UNA CITA\u00bb button_icon=\u00bb&#x24;||divi||400&#8243; button_link_url=\u00bb@ET-DC@eyJkeW5hbWljIjp0cnVlLCJjb250ZW50IjoicG9zdF9saW5rX3VybF9wYWdlIiwic2V0dGluZ3MiOnsicG9zdF9pZCI6IjEyMDMifX0=@\u00bb icon_color=\u00bb#FFFFFF\u00bb button_icon_size=\u00bb24px\u00bb button_alignment=\u00bbcenter\u00bb bg_hover_effects=\u00bbdfab_reveal\u00bb bg_hover_background_color=\u00bb#292929&#8243; border_hover_color=\u00bb#FFFFFF\u00bb module_class=\u00bbbook-now\u00bb _builder_version=\u00bb4.27.4&#8243; _dynamic_attributes=\u00bbbutton_link_url\u00bb _module_preset=\u00bbdefault\u00bb button_text_font=\u00bb|||on|||||\u00bb button_text_text_color=\u00bb#FFFFFF\u00bb button_text_font_size=\u00bb16px\u00bb background_color=\u00bb#BE1E2D\u00bb image_icon_custom_padding=\u00bb0px|0px|0px|4px|false|false\u00bb custom_padding=\u00bb13px|20px|12px|20px|false|true\u00bb border_width_all=\u00bb0px\u00bb locked=\u00bboff\u00bb global_colors_info=\u00bb{}\u00bb preview_btn__hover_enabled=\u00bbon|desktop\u00bb border_color_bottom__hover_enabled=\u00bboff|desktop\u00bb border_color_bottom__hover=\u00bb#FFFFFF\u00bb button_text_text_color__hover_enabled=\u00bboff|desktop\u00bb button_text_text_color__hover=\u00bb#292929&#8243; icon_color__hover_enabled=\u00bboff|desktop\u00bb icon_color__hover=\u00bb#292929&#8243;][\/difl_advanced_button][\/et_pb_column][\/et_pb_row][\/et_pb_section]<\/p>\n","protected":false},"excerpt":{"rendered":"<p>Sobre nosotrosArmando PalaciosBarber StudioExperimenta una barber\u00eda construida sobre la dedicaci\u00f3n, el arte y el compromiso con un estilo personalizado. Nos esforzamos por ofrecer algo m\u00e1s que un simple corte de pelo. De la pasi\u00f3n a la profesi\u00f3nMe llamo Armando Palacios, y soy la fuerza impulsora detr\u00e1s de Armando Palacios Barber Studio. La barber\u00eda no es [&hellip;]<\/p>\n","protected":false},"author":11,"featured_media":7904,"parent":0,"menu_order":20,"comment_status":"closed","ping_status":"closed","template":"","meta":{"_acf_changed":false,"_et_pb_use_builder":"on","_et_pb_old_content":"","_et_gb_content_width":"","footnotes":""},"difl_page_category":[],"class_list":["post-7956","page","type-page","status-publish","has-post-thumbnail","hentry"],"acf":[],"yoast_head":"<!-- This site is optimized with the Yoast SEO plugin v26.9 - https:\/\/yoast.com\/product\/yoast-seo-wordpress\/ -->\n<title>Sobre Armando Palacios Barber Studio<\/title>\n<meta name=\"description\" content=\"Armando Palacios: barber\u00eda top en Miami. Servicios premium y atenci\u00f3n personalizada.\" \/>\n<meta name=\"robots\" content=\"index, follow, max-snippet:-1, max-image-preview:large, max-video-preview:-1\" \/>\n<link rel=\"canonical\" href=\"https:\/\/apbarberstudio.com\/es\/sobre-nosotros\/\" \/>\n<meta property=\"og:locale\" content=\"es_ES\" \/>\n<meta property=\"og:type\" content=\"article\" \/>\n<meta property=\"og:title\" content=\"Sobre Armando Palacios Barber Studio\" \/>\n<meta property=\"og:description\" content=\"Armando Palacios: barber\u00eda top en Miami. Servicios premium y atenci\u00f3n personalizada.\" \/>\n<meta property=\"og:url\" content=\"https:\/\/apbarberstudio.com\/es\/sobre-nosotros\/\" \/>\n<meta property=\"og:site_name\" content=\"Armando Palacios Barber Studio\" \/>\n<meta property=\"article:publisher\" content=\"https:\/\/www.facebook.com\/profile.php?id=100067194279101&amp;locale=es_LA\" \/>\n<meta property=\"article:modified_time\" content=\"2025-10-03T13:28:30+00:00\" \/>\n<meta property=\"og:image\" content=\"https:\/\/apbarberstudio.com\/wp-content\/uploads\/2025\/05\/LDF-139-1024x683.jpeg\" \/>\n<meta name=\"twitter:card\" content=\"summary_large_image\" \/>\n<meta name=\"twitter:label1\" content=\"Tiempo de lectura\" \/>\n\t<meta name=\"twitter:data1\" content=\"8 minutos\" \/>\n<script type=\"application\/ld+json\" class=\"yoast-schema-graph\">{\"@context\":\"https:\/\/schema.org\",\"@graph\":[{\"@type\":\"WebPage\",\"@id\":\"https:\/\/apbarberstudio.com\/es\/sobre-nosotros\/\",\"url\":\"https:\/\/apbarberstudio.com\/es\/sobre-nosotros\/\",\"name\":\"Sobre Armando Palacios Barber Studio\",\"isPartOf\":{\"@id\":\"https:\/\/apbarberstudio.com\/es\/#website\"},\"primaryImageOfPage\":{\"@id\":\"https:\/\/apbarberstudio.com\/es\/sobre-nosotros\/#primaryimage\"},\"image\":{\"@id\":\"https:\/\/apbarberstudio.com\/es\/sobre-nosotros\/#primaryimage\"},\"thumbnailUrl\":\"https:\/\/apbarberstudio.com\/wp-content\/uploads\/2025\/05\/LDF-139.jpeg\",\"datePublished\":\"2025-04-22T23:19:26+00:00\",\"dateModified\":\"2025-10-03T13:28:30+00:00\",\"description\":\"Armando Palacios: barber\u00eda top en Miami. Servicios premium y atenci\u00f3n personalizada.\",\"breadcrumb\":{\"@id\":\"https:\/\/apbarberstudio.com\/es\/sobre-nosotros\/#breadcrumb\"},\"inLanguage\":\"es\",\"potentialAction\":[{\"@type\":\"ReadAction\",\"target\":[\"https:\/\/apbarberstudio.com\/es\/sobre-nosotros\/\"]}]},{\"@type\":\"ImageObject\",\"inLanguage\":\"es\",\"@id\":\"https:\/\/apbarberstudio.com\/es\/sobre-nosotros\/#primaryimage\",\"url\":\"https:\/\/apbarberstudio.com\/wp-content\/uploads\/2025\/05\/LDF-139.jpeg\",\"contentUrl\":\"https:\/\/apbarberstudio.com\/wp-content\/uploads\/2025\/05\/LDF-139.jpeg\",\"width\":2048,\"height\":1365,\"caption\":\"Armando Palacios\"},{\"@type\":\"BreadcrumbList\",\"@id\":\"https:\/\/apbarberstudio.com\/es\/sobre-nosotros\/#breadcrumb\",\"itemListElement\":[{\"@type\":\"ListItem\",\"position\":1,\"name\":\"Home\",\"item\":\"https:\/\/apbarberstudio.com\/es\/inicio\/\"},{\"@type\":\"ListItem\",\"position\":2,\"name\":\"Sobre nosotros\"}]},{\"@type\":\"WebSite\",\"@id\":\"https:\/\/apbarberstudio.com\/es\/#website\",\"url\":\"https:\/\/apbarberstudio.com\/es\/\",\"name\":\"Armando Palacios Barber Studio\",\"description\":\"Experience Premium Grooming and Relaxing Care in Brickell and Coral Gables\",\"publisher\":{\"@id\":\"https:\/\/apbarberstudio.com\/es\/#organization\"},\"alternateName\":\"AP Barber Studio\",\"potentialAction\":[{\"@type\":\"SearchAction\",\"target\":{\"@type\":\"EntryPoint\",\"urlTemplate\":\"https:\/\/apbarberstudio.com\/es\/?s={search_term_string}\"},\"query-input\":{\"@type\":\"PropertyValueSpecification\",\"valueRequired\":true,\"valueName\":\"search_term_string\"}}],\"inLanguage\":\"es\"},{\"@type\":\"Organization\",\"@id\":\"https:\/\/apbarberstudio.com\/es\/#organization\",\"name\":\"Armando Palacios Barber Studio\",\"alternateName\":\"AP Barber Studio\",\"url\":\"https:\/\/apbarberstudio.com\/es\/\",\"logo\":{\"@type\":\"ImageObject\",\"inLanguage\":\"es\",\"@id\":\"https:\/\/apbarberstudio.com\/es\/#\/schema\/logo\/image\/\",\"url\":\"https:\/\/apbarberstudio.com\/wp-content\/uploads\/2024\/03\/Armando_Palacios_Final_Logo-1.svg\",\"contentUrl\":\"https:\/\/apbarberstudio.com\/wp-content\/uploads\/2024\/03\/Armando_Palacios_Final_Logo-1.svg\",\"width\":604,\"height\":302,\"caption\":\"Armando Palacios Barber Studio\"},\"image\":{\"@id\":\"https:\/\/apbarberstudio.com\/es\/#\/schema\/logo\/image\/\"},\"sameAs\":[\"https:\/\/www.facebook.com\/profile.php?id=100067194279101&locale=es_LA\",\"https:\/\/www.instagram.com\/ap.barberstudio\/\"]}]}<\/script>\n<!-- \/ Yoast SEO plugin. -->","yoast_head_json":{"title":"Sobre Armando Palacios Barber Studio","description":"Armando Palacios: barber\u00eda top en Miami. Servicios premium y atenci\u00f3n personalizada.","robots":{"index":"index","follow":"follow","max-snippet":"max-snippet:-1","max-image-preview":"max-image-preview:large","max-video-preview":"max-video-preview:-1"},"canonical":"https:\/\/apbarberstudio.com\/es\/sobre-nosotros\/","og_locale":"es_ES","og_type":"article","og_title":"Sobre Armando Palacios Barber Studio","og_description":"Armando Palacios: barber\u00eda top en Miami. Servicios premium y atenci\u00f3n personalizada.","og_url":"https:\/\/apbarberstudio.com\/es\/sobre-nosotros\/","og_site_name":"Armando Palacios Barber Studio","article_publisher":"https:\/\/www.facebook.com\/profile.php?id=100067194279101&locale=es_LA","article_modified_time":"2025-10-03T13:28:30+00:00","og_image":[{"url":"https:\/\/apbarberstudio.com\/wp-content\/uploads\/2025\/05\/LDF-139-1024x683.jpeg","type":"","width":"","height":""}],"twitter_card":"summary_large_image","twitter_misc":{"Tiempo de lectura":"8 minutos"},"schema":{"@context":"https:\/\/schema.org","@graph":[{"@type":"WebPage","@id":"https:\/\/apbarberstudio.com\/es\/sobre-nosotros\/","url":"https:\/\/apbarberstudio.com\/es\/sobre-nosotros\/","name":"Sobre Armando Palacios Barber Studio","isPartOf":{"@id":"https:\/\/apbarberstudio.com\/es\/#website"},"primaryImageOfPage":{"@id":"https:\/\/apbarberstudio.com\/es\/sobre-nosotros\/#primaryimage"},"image":{"@id":"https:\/\/apbarberstudio.com\/es\/sobre-nosotros\/#primaryimage"},"thumbnailUrl":"https:\/\/apbarberstudio.com\/wp-content\/uploads\/2025\/05\/LDF-139.jpeg","datePublished":"2025-04-22T23:19:26+00:00","dateModified":"2025-10-03T13:28:30+00:00","description":"Armando Palacios: barber\u00eda top en Miami. Servicios premium y atenci\u00f3n personalizada.","breadcrumb":{"@id":"https:\/\/apbarberstudio.com\/es\/sobre-nosotros\/#breadcrumb"},"inLanguage":"es","potentialAction":[{"@type":"ReadAction","target":["https:\/\/apbarberstudio.com\/es\/sobre-nosotros\/"]}]},{"@type":"ImageObject","inLanguage":"es","@id":"https:\/\/apbarberstudio.com\/es\/sobre-nosotros\/#primaryimage","url":"https:\/\/apbarberstudio.com\/wp-content\/uploads\/2025\/05\/LDF-139.jpeg","contentUrl":"https:\/\/apbarberstudio.com\/wp-content\/uploads\/2025\/05\/LDF-139.jpeg","width":2048,"height":1365,"caption":"Armando Palacios"},{"@type":"BreadcrumbList","@id":"https:\/\/apbarberstudio.com\/es\/sobre-nosotros\/#breadcrumb","itemListElement":[{"@type":"ListItem","position":1,"name":"Home","item":"https:\/\/apbarberstudio.com\/es\/inicio\/"},{"@type":"ListItem","position":2,"name":"Sobre nosotros"}]},{"@type":"WebSite","@id":"https:\/\/apbarberstudio.com\/es\/#website","url":"https:\/\/apbarberstudio.com\/es\/","name":"Armando Palacios Barber Studio","description":"Experience Premium Grooming and Relaxing Care in Brickell and Coral Gables","publisher":{"@id":"https:\/\/apbarberstudio.com\/es\/#organization"},"alternateName":"AP Barber Studio","potentialAction":[{"@type":"SearchAction","target":{"@type":"EntryPoint","urlTemplate":"https:\/\/apbarberstudio.com\/es\/?s={search_term_string}"},"query-input":{"@type":"PropertyValueSpecification","valueRequired":true,"valueName":"search_term_string"}}],"inLanguage":"es"},{"@type":"Organization","@id":"https:\/\/apbarberstudio.com\/es\/#organization","name":"Armando Palacios Barber Studio","alternateName":"AP Barber Studio","url":"https:\/\/apbarberstudio.com\/es\/","logo":{"@type":"ImageObject","inLanguage":"es","@id":"https:\/\/apbarberstudio.com\/es\/#\/schema\/logo\/image\/","url":"https:\/\/apbarberstudio.com\/wp-content\/uploads\/2024\/03\/Armando_Palacios_Final_Logo-1.svg","contentUrl":"https:\/\/apbarberstudio.com\/wp-content\/uploads\/2024\/03\/Armando_Palacios_Final_Logo-1.svg","width":604,"height":302,"caption":"Armando Palacios Barber Studio"},"image":{"@id":"https:\/\/apbarberstudio.com\/es\/#\/schema\/logo\/image\/"},"sameAs":["https:\/\/www.facebook.com\/profile.php?id=100067194279101&locale=es_LA","https:\/\/www.instagram.com\/ap.barberstudio\/"]}]}},"_links":{"self":[{"href":"https:\/\/apbarberstudio.com\/es\/wp-json\/wp\/v2\/pages\/7956","targetHints":{"allow":["GET"]}}],"collection":[{"href":"https:\/\/apbarberstudio.com\/es\/wp-json\/wp\/v2\/pages"}],"about":[{"href":"https:\/\/apbarberstudio.com\/es\/wp-json\/wp\/v2\/types\/page"}],"author":[{"embeddable":true,"href":"https:\/\/apbarberstudio.com\/es\/wp-json\/wp\/v2\/users\/11"}],"replies":[{"embeddable":true,"href":"https:\/\/apbarberstudio.com\/es\/wp-json\/wp\/v2\/comments?post=7956"}],"version-history":[{"count":7,"href":"https:\/\/apbarberstudio.com\/es\/wp-json\/wp\/v2\/pages\/7956\/revisions"}],"predecessor-version":[{"id":7986,"href":"https:\/\/apbarberstudio.com\/es\/wp-json\/wp\/v2\/pages\/7956\/revisions\/7986"}],"wp:featuredmedia":[{"embeddable":true,"href":"https:\/\/apbarberstudio.com\/es\/wp-json\/wp\/v2\/media\/7904"}],"wp:attachment":[{"href":"https:\/\/apbarberstudio.com\/es\/wp-json\/wp\/v2\/media?parent=7956"}],"wp:term":[{"taxonomy":"difl_page_category","embeddable":true,"href":"https:\/\/apbarberstudio.com\/es\/wp-json\/wp\/v2\/difl_page_category?post=7956"}],"curies":[{"name":"wp","href":"https:\/\/api.w.org\/{rel}","templated":true}]}}