{"id":7918,"date":"2025-05-27T16:23:38","date_gmt":"2025-05-27T20:23:38","guid":{"rendered":"https:\/\/apbarberstudio.com\/apoyando-a-nuestra-comunidad\/"},"modified":"2025-10-06T09:58:39","modified_gmt":"2025-10-06T13:58:39","slug":"apoyando-a-nuestra-comunidad","status":"publish","type":"page","link":"https:\/\/apbarberstudio.com\/es\/apoyando-a-nuestra-comunidad\/","title":{"rendered":"Apoyando a nuestra comunidad"},"content":{"rendered":"\n[et_pb_section fb_built=\u00bb1&#8243; _builder_version=\u00bb4.27.4&#8243; _module_preset=\u00bbdefault\u00bb background_color=\u00bb#292929&#8243; background_enable_image=\u00bboff\u00bb background_blend=\u00bboverlay\u00bb custom_padding=\u00bb125px||60px||false|false\u00bb global_colors_info=\u00bb{}\u00bb][et_pb_row column_structure=\u00bb1_2,1_2&#8243; make_equal=\u00bbon\u00bb module_class=\u00bbreverse\u00bb _builder_version=\u00bb4.27.4&#8243; _module_preset=\u00bbdefault\u00bb global_colors_info=\u00bb{}\u00bb][et_pb_column type=\u00bb1_2&#8243; _builder_version=\u00bb4.27.4&#8243; _module_preset=\u00bbdefault\u00bb custom_css_free_form=\u00bbselector {||  display: flex;||  flex-direction: column;||  justify-content: center;||}\u00bb global_colors_info=\u00bb{}\u00bb][et_pb_text _builder_version=\u00bb4.27.4&#8243; _module_preset=\u00bbdefault\u00bb header_2_font=\u00bb|||on|||||\u00bb header_2_text_color=\u00bb#FFFFFF\u00bb custom_margin=\u00bb||5px||false|false\u00bb global_colors_info=\u00bb{}\u00bb]<h2 style=\"text-align: left;\">Apoyando a nuestra comunidad<\/h2>[\/et_pb_text][et_pb_text _builder_version=\u00bb4.27.4&#8243; _module_preset=\u00bbdefault\u00bb text_text_color=\u00bb#FFFFFF\u00bb module_alignment=\u00bbcenter\u00bb global_colors_info=\u00bb{}\u00bb]<p>En Armando Palacios Barber Studio, nuestra pasi\u00f3n va m\u00e1s all\u00e1 de crear cortes de pelo geniales, apoyando y elevando activamente a nuestra comunidad. Apoyamos varias iniciativas centradas en la comunidad y estamos comprometidos con los esfuerzos continuos para retribuir. Estos son algunos de los aspectos m\u00e1s destacados de las iniciativas de servicio comunitario en las que participamos.  <\/p>[\/et_pb_text][difl_advanced_button button_text=\u00bbM\u00e1s informaci\u00f3n\u00bb button_icon=\u00bb&#x24;||divi||400&#8243; button_link_url=\u00bb#latest-community-projects\u00bb icon_color=\u00bb#FFFFFF\u00bb button_icon_size=\u00bb24px\u00bb bg_hover_effect_directions=\u00bbdfab_left\u00bb bg_hover_background_color=\u00bb#3A3A3A\u00bb border_hover_effects=\u00bbdfab_none\u00bb module_class=\u00bbbutton-hover-animation white book-now\u00bb _builder_version=\u00bb4.27.4&#8243; _module_preset=\u00bbdefault\u00bb button_text_font=\u00bb|||on|||||\u00bb button_text_text_color=\u00bb#FFFFFF\u00bb button_text_font_size=\u00bb16px\u00bb button_text_letter_spacing=\u00bb0.5px\u00bb image_icon_custom_padding=\u00bb0px|0px|0px|4px|false|false\u00bb custom_margin=\u00bb||10px||false|false\u00bb custom_padding=\u00bb0px|0px|0px|0px|true|true\u00bb border_radii=\u00bbon|0px|0px|0px|0px\u00bb border_width_all=\u00bb0px\u00bb border_color_all=\u00bbRGBA(255,255,255,0)\u00bb locked=\u00bboff\u00bb global_colors_info=\u00bb{}\u00bb preview_btn__hover_enabled=\u00bbon|desktop\u00bb][\/difl_advanced_button][\/et_pb_column][et_pb_column type=\u00bb1_2&#8243; _builder_version=\u00bb4.27.4&#8243; _module_preset=\u00bbdefault\u00bb global_colors_info=\u00bb{}\u00bb][et_pb_image src=\u00bbhttps:\/\/apbarberstudio.com\/wp-content\/uploads\/2025\/06\/Community-image.jpg\u00bb title_text=\u00bbImagen de la comunidad\u00bb align=\u00bbcenter\u00bb _builder_version=\u00bb4.27.4&#8243; _module_preset=\u00bbdefault\u00bb max_width=\u00bb500px\u00bb hover_enabled=\u00bb0&#8243; border_radii=\u00bbon|19px|19px|19px|19px\u00bb global_colors_info=\u00bb{}\u00bb sticky_enabled=\u00bb0&#8243;][\/et_pb_image][\/et_pb_column][\/et_pb_row][\/et_pb_section][et_pb_section fb_built=\u00bb1&#8243; module_id=\u00bblatest-community-projects\u00bb _builder_version=\u00bb4.27.4&#8243; _module_preset=\u00bbdefault\u00bb global_colors_info=\u00bb{}\u00bb][et_pb_row _builder_version=\u00bb4.27.4&#8243; _module_preset=\u00bbdefault\u00bb global_colors_info=\u00bb{}\u00bb][et_pb_column type=\u00bb4_4&#8243; _builder_version=\u00bb4.27.4&#8243; _module_preset=\u00bbdefault\u00bb global_colors_info=\u00bb{}\u00bb][et_pb_text _builder_version=\u00bb4.27.4&#8243; _module_preset=\u00bbdefault\u00bb global_colors_info=\u00bb{}\u00bb]<h2 style=\"text-align: center;\">\u00daltimos proyectos comunitarios<\/h2>[\/et_pb_text][\/et_pb_column][\/et_pb_row][et_pb_row column_structure=\u00bb1_2,1_2&#8243; _builder_version=\u00bb4.27.4&#8243; _module_preset=\u00bbdefault\u00bb global_colors_info=\u00bb{}\u00bb][et_pb_column type=\u00bb1_2&#8243; _builder_version=\u00bb4.27.4&#8243; _module_preset=\u00bbdefault\u00bb global_colors_info=\u00bb{}\u00bb][et_pb_image src=\u00bbhttps:\/\/apbarberstudio.com\/wp-content\/uploads\/2025\/05\/2-1.jpg\u00bb title_text=\u00bb2&#8243; url=\u00bb#amigos-for-kids\u00bb _builder_version=\u00bb4.27.4&#8243; _module_preset=\u00bbdefault\u00bb max_width=\u00bb300px\u00bb module_alignment=\u00bbright\u00bb module_alignment_tablet=\u00bbcenter\u00bb module_alignment_phone=\u00bbcenter\u00bb module_alignment_last_edited=\u00bbon|tablet\u00bb border_radii=\u00bbon|5px|5px|5px|5px\u00bb border_width_all=\u00bb2px\u00bb border_color_all=\u00bb#ECECEA\u00bb box_shadow_style=\u00bbpreset1&#8243; box_shadow_color=\u00bbrgba(0,0,0,0.2)\u00bb global_colors_info=\u00bb{}\u00bb border_color_all__hover_enabled=\u00bbon|hover\u00bb border_color_all__hover=\u00bb#292929&#8243;][\/et_pb_image][\/et_pb_column][et_pb_column type=\u00bb1_2&#8243; _builder_version=\u00bb4.27.4&#8243; _module_preset=\u00bbdefault\u00bb global_colors_info=\u00bb{}\u00bb][et_pb_image src=\u00bbhttps:\/\/apbarberstudio.com\/wp-content\/uploads\/2025\/05\/1-1.jpg\u00bb title_text=\u00bb1&#8243; url=\u00bb#holtz-childrens-hospital\u00bb _builder_version=\u00bb4.27.4&#8243; _module_preset=\u00bbdefault\u00bb max_width=\u00bb300px\u00bb module_alignment=\u00bbleft\u00bb module_alignment_tablet=\u00bbcenter\u00bb module_alignment_phone=\u00bbcenter\u00bb module_alignment_last_edited=\u00bbon|tablet\u00bb border_radii=\u00bbon|5px|5px|5px|5px\u00bb border_width_all=\u00bb2px\u00bb border_color_all=\u00bb#ECECEA\u00bb box_shadow_style=\u00bbpreset1&#8243; box_shadow_color=\u00bbrgba(0,0,0,0.2)\u00bb global_colors_info=\u00bb{}\u00bb border_color_all__hover_enabled=\u00bbon|hover\u00bb border_color_all__hover=\u00bb#292929&#8243;][\/et_pb_image][\/et_pb_column][\/et_pb_row][\/et_pb_section][et_pb_section fb_built=\u00bb1&#8243; _builder_version=\u00bb4.27.4&#8243; _module_preset=\u00bbdefault\u00bb background_color=\u00bb#FFFFFF\u00bb custom_padding=\u00bb60px||60px||true|false\u00bb hover_enabled=\u00bb0&#8243; border_width_bottom=\u00bb2px\u00bb border_color_bottom=\u00bbrgba(58,58,58,0.55)\u00bb global_colors_info=\u00bb{}\u00bb sticky_enabled=\u00bb0&#8243;][et_pb_row column_structure=\u00bb2_5,3_5&#8243; use_custom_gutter=\u00bbon\u00bb make_equal=\u00bbon\u00bb custom_padding_last_edited=\u00bbon|phone\u00bb module_id=\u00bbamigos-for-kids\u00bb _builder_version=\u00bb4.27.4&#8243; _module_preset=\u00bbdefault\u00bb width=\u00bb70%\u00bb width_tablet=\u00bb90%\u00bb width_phone=\u00bb90%\u00bb width_last_edited=\u00bbon|phone\u00bb custom_padding=\u00bb||125px||false|false\u00bb custom_padding_tablet=\u00bb||30px||false|false\u00bb custom_padding_phone=\u00bb||10px||false|false\u00bb global_colors_info=\u00bb{}\u00bb][et_pb_column type=\u00bb2_5&#8243; _builder_version=\u00bb4.27.4&#8243; _module_preset=\u00bbdefault\u00bb background_color=\u00bb#292929&#8243; custom_padding=\u00bb30px|30px|30px|30px|false|true\u00bb custom_css_free_form=\u00bb@media (min-width: 981px) {||selector {||display:flex;||flex-direction:column;||justify-content:center;||align-content:center;||margin-bottom: 20px;||}||}\u00bb border_radii=\u00bbon|5px|5px|5px|5px\u00bb global_colors_info=\u00bb{}\u00bb][et_pb_image src=\u00bbhttps:\/\/apbarberstudio.com\/wp-content\/uploads\/2025\/05\/2-1.jpg\u00bb title_text=\u00bb2&#8243; _builder_version=\u00bb4.27.4&#8243; _module_preset=\u00bbdefault\u00bb max_width=\u00bb300px\u00bb custom_margin=\u00bb||30px||false|false\u00bb border_radii=\u00bbon|5px|5px|5px|5px\u00bb global_colors_info=\u00bb{}\u00bb][\/et_pb_image][et_pb_text _builder_version=\u00bb4.27.4&#8243; _module_preset=\u00bbdefault\u00bb header_2_font=\u00bb|||on|||||\u00bb header_3_text_color=\u00bb#FFFFFF\u00bb header_3_font_size=\u00bb38px\u00bb custom_margin=\u00bb||15px||false|false\u00bb header_3_font_size_tablet=\u00bb30px\u00bb header_3_font_size_phone=\u00bb30px\u00bb header_3_font_size_last_edited=\u00bbon|tablet\u00bb global_colors_info=\u00bb{}\u00bb]<h3>Amigos for Kids<\/h3>[\/et_pb_text][et_pb_text _builder_version=\u00bb4.27.4&#8243; _module_preset=\u00bbdefault\u00bb text_text_color=\u00bb#FFFFFF\u00bb custom_margin=\u00bb||20px||false|false\u00bb global_colors_info=\u00bb{}\u00bb]<p>Apoya a familias de bajos ingresos proporcionando \u00fatiles escolares y juguetes para sus hijos. Siempre participamos dando cortes de pelo gratis a los ni\u00f1os. <\/p>[\/et_pb_text][\/et_pb_column][et_pb_column type=\u00bb3_5&#8243; _builder_version=\u00bb4.27.4&#8243; _module_preset=\u00bbdefault\u00bb global_colors_info=\u00bb{}\u00bb][difl_packerygallery gallery=\u00bb7632,7634,7412,7633,7630,7635,7417&#8243; pg_layout=\u00bbsix\u00bb use_lightbox=\u00bbon\u00bb _builder_version=\u00bb4.27.4&#8243; _module_preset=\u00bbdefault\u00bb hover_enabled=\u00bb0&#8243; border_radii_item_border=\u00bbon|5px|5px|5px|5px\u00bb global_colors_info=\u00bb{}\u00bb sticky_enabled=\u00bb0&#8243;][\/difl_packerygallery][\/et_pb_column][\/et_pb_row][et_pb_row column_structure=\u00bb3_5,2_5&#8243; use_custom_gutter=\u00bbon\u00bb make_equal=\u00bbon\u00bb custom_padding_last_edited=\u00bbon|phone\u00bb module_id=\u00bbholtz-childrens-hospital\u00bb module_class=\u00bbreverse\u00bb _builder_version=\u00bb4.27.4&#8243; _module_preset=\u00bbdefault\u00bb width=\u00bb70%\u00bb width_tablet=\u00bb90%\u00bb width_phone=\u00bb90%\u00bb width_last_edited=\u00bbon|phone\u00bb custom_padding=\u00bb||45px||false|false\u00bb custom_padding_tablet=\u00bb||30px||false|false\u00bb custom_padding_phone=\u00bb||10px||false|false\u00bb global_colors_info=\u00bb{}\u00bb][et_pb_column type=\u00bb3_5&#8243; _builder_version=\u00bb4.27.4&#8243; _module_preset=\u00bbdefault\u00bb global_colors_info=\u00bb{}\u00bb][difl_packerygallery gallery=\u00bb7423,7418,7419,7424&#8243; use_lightbox=\u00bbon\u00bb _builder_version=\u00bb4.27.4&#8243; _module_preset=\u00bbdefault\u00bb border_radii_item_border=\u00bbon|5px|5px|5px|5px\u00bb global_colors_info=\u00bb{}\u00bb][\/difl_packerygallery][\/et_pb_column][et_pb_column type=\u00bb2_5&#8243; _builder_version=\u00bb4.27.4&#8243; _module_preset=\u00bbdefault\u00bb background_color=\u00bb#292929&#8243; custom_padding=\u00bb30px|30px|30px|30px|true|true\u00bb custom_css_free_form=\u00bb@media (min-width: 981px) {||selector {||display:flex;||flex-direction:column;||justify-content:center;||align-content:center;||margin-bottom: 20px;||}||}\u00bb border_radii=\u00bbon|5px|5px|5px|5px\u00bb global_colors_info=\u00bb{}\u00bb][et_pb_image src=\u00bbhttps:\/\/apbarberstudio.com\/wp-content\/uploads\/2025\/05\/1-1.jpg\u00bb title_text=\u00bb1&#8243; _builder_version=\u00bb4.27.4&#8243; _module_preset=\u00bbdefault\u00bb max_width=\u00bb300px\u00bb module_alignment=\u00bbleft\u00bb custom_margin=\u00bb||30px||false|false\u00bb border_radii=\u00bbon|5px|5px|5px|5px\u00bb box_shadow_style=\u00bbpreset1&#8243; box_shadow_color=\u00bbrgba(0,0,0,0.2)\u00bb locked=\u00bboff\u00bb global_colors_info=\u00bb{}\u00bb][\/et_pb_image][et_pb_text _builder_version=\u00bb4.27.4&#8243; _module_preset=\u00bbdefault\u00bb header_2_font=\u00bb|||on|||||\u00bb header_3_text_color=\u00bb#FFFFFF\u00bb header_3_font_size=\u00bb38px\u00bb custom_margin=\u00bb||15px||false|false\u00bb header_3_font_size_tablet=\u00bb30px\u00bb header_3_font_size_phone=\u00bb30px\u00bb header_3_font_size_last_edited=\u00bbon|tablet\u00bb global_colors_info=\u00bb{}\u00bb]<h3>Hospital infantil Holtz<\/h3>[\/et_pb_text][et_pb_text _builder_version=\u00bb4.27.4&#8243; _module_preset=\u00bbdefault\u00bb text_text_color=\u00bb#FFFFFF\u00bb custom_margin=\u00bb||20px||false|false\u00bb global_colors_info=\u00bb{}\u00bb]<p>Cortamos el pelo a todos los ni\u00f1os que est\u00e1n en cuidados intensivos o que reciben tratamientos a largo plazo en el hospital.<\/p>[\/et_pb_text][\/et_pb_column][\/et_pb_row][\/et_pb_section]\n","protected":false},"excerpt":{"rendered":"<p>Apoyando a nuestra comunidadEn Armando Palacios Barber Studio, nuestra pasi\u00f3n va m\u00e1s all\u00e1 de crear cortes de pelo geniales, apoyando y elevando activamente a nuestra comunidad. Apoyamos varias iniciativas centradas en la comunidad y estamos comprometidos con los esfuerzos continuos para retribuir. Estos son algunos de los aspectos m\u00e1s destacados de las iniciativas de servicio [&hellip;]<\/p>\n","protected":false},"author":11,"featured_media":0,"parent":0,"menu_order":6,"comment_status":"closed","ping_status":"closed","template":"","meta":{"_acf_changed":false,"_et_pb_use_builder":"on","_et_pb_old_content":"","_et_gb_content_width":"","footnotes":""},"difl_page_category":[],"class_list":["post-7918","page","type-page","status-publish","hentry"],"acf":[],"yoast_head":"<!-- This site is optimized with the Yoast SEO plugin v26.9 - https:\/\/yoast.com\/product\/yoast-seo-wordpress\/ -->\n<title>Apoyando a nuestra comunidad - Armando Palacios Barber Studio<\/title>\n<meta name=\"description\" content=\"En Armando Palacios Barber Studio, nuestra pasi\u00f3n va m\u00e1s all\u00e1 de crear cortes de pelo geniales, apoyando y elevando activamente a nuestra comunidad. Apoyamos varias iniciativas centradas en la comunidad y estamos comprometidos con los esfuerzos continuos para retribuir.\" \/>\n<meta name=\"robots\" content=\"index, follow, max-snippet:-1, max-image-preview:large, max-video-preview:-1\" \/>\n<link rel=\"canonical\" href=\"https:\/\/apbarberstudio.com\/es\/apoyando-a-nuestra-comunidad\/\" \/>\n<meta property=\"og:locale\" content=\"es_ES\" \/>\n<meta property=\"og:type\" content=\"article\" \/>\n<meta property=\"og:title\" content=\"Apoyando a nuestra comunidad - Armando Palacios Barber Studio\" \/>\n<meta property=\"og:description\" content=\"En Armando Palacios Barber Studio, nuestra pasi\u00f3n va m\u00e1s all\u00e1 de crear cortes de pelo geniales, apoyando y elevando activamente a nuestra comunidad. Apoyamos varias iniciativas centradas en la comunidad y estamos comprometidos con los esfuerzos continuos para retribuir.\" \/>\n<meta property=\"og:url\" content=\"https:\/\/apbarberstudio.com\/es\/apoyando-a-nuestra-comunidad\/\" \/>\n<meta property=\"og:site_name\" content=\"Armando Palacios Barber Studio\" \/>\n<meta property=\"article:publisher\" content=\"https:\/\/www.facebook.com\/profile.php?id=100067194279101&amp;locale=es_LA\" \/>\n<meta property=\"article:modified_time\" content=\"2025-10-06T13:58:39+00:00\" \/>\n<meta property=\"og:image\" content=\"https:\/\/apbarberstudio.com\/wp-content\/uploads\/2025\/05\/DSC03712-e1748109751201.jpeg\" \/>\n\t<meta property=\"og:image:width\" content=\"1920\" \/>\n\t<meta property=\"og:image:height\" content=\"1350\" \/>\n\t<meta property=\"og:image:type\" content=\"image\/jpeg\" \/>\n<meta name=\"twitter:card\" content=\"summary_large_image\" \/>\n<meta name=\"twitter:label1\" content=\"Tiempo de lectura\" \/>\n\t<meta name=\"twitter:data1\" content=\"6 minutos\" \/>\n<script type=\"application\/ld+json\" class=\"yoast-schema-graph\">{\"@context\":\"https:\/\/schema.org\",\"@graph\":[{\"@type\":\"WebPage\",\"@id\":\"https:\/\/apbarberstudio.com\/es\/apoyando-a-nuestra-comunidad\/\",\"url\":\"https:\/\/apbarberstudio.com\/es\/apoyando-a-nuestra-comunidad\/\",\"name\":\"Apoyando a nuestra comunidad - Armando Palacios Barber Studio\",\"isPartOf\":{\"@id\":\"https:\/\/apbarberstudio.com\/es\/#website\"},\"datePublished\":\"2025-05-27T20:23:38+00:00\",\"dateModified\":\"2025-10-06T13:58:39+00:00\",\"description\":\"En Armando Palacios Barber Studio, nuestra pasi\u00f3n va m\u00e1s all\u00e1 de crear cortes de pelo geniales, apoyando y elevando activamente a nuestra comunidad. Apoyamos varias iniciativas centradas en la comunidad y estamos comprometidos con los esfuerzos continuos para retribuir.\",\"breadcrumb\":{\"@id\":\"https:\/\/apbarberstudio.com\/es\/apoyando-a-nuestra-comunidad\/#breadcrumb\"},\"inLanguage\":\"es\",\"potentialAction\":[{\"@type\":\"ReadAction\",\"target\":[\"https:\/\/apbarberstudio.com\/es\/apoyando-a-nuestra-comunidad\/\"]}]},{\"@type\":\"BreadcrumbList\",\"@id\":\"https:\/\/apbarberstudio.com\/es\/apoyando-a-nuestra-comunidad\/#breadcrumb\",\"itemListElement\":[{\"@type\":\"ListItem\",\"position\":1,\"name\":\"Home\",\"item\":\"https:\/\/apbarberstudio.com\/es\/inicio\/\"},{\"@type\":\"ListItem\",\"position\":2,\"name\":\"Apoyando a nuestra comunidad\"}]},{\"@type\":\"WebSite\",\"@id\":\"https:\/\/apbarberstudio.com\/es\/#website\",\"url\":\"https:\/\/apbarberstudio.com\/es\/\",\"name\":\"Armando Palacios Barber Studio\",\"description\":\"Experience Premium Grooming and Relaxing Care in Brickell and Coral Gables\",\"publisher\":{\"@id\":\"https:\/\/apbarberstudio.com\/es\/#organization\"},\"alternateName\":\"AP Barber Studio\",\"potentialAction\":[{\"@type\":\"SearchAction\",\"target\":{\"@type\":\"EntryPoint\",\"urlTemplate\":\"https:\/\/apbarberstudio.com\/es\/?s={search_term_string}\"},\"query-input\":{\"@type\":\"PropertyValueSpecification\",\"valueRequired\":true,\"valueName\":\"search_term_string\"}}],\"inLanguage\":\"es\"},{\"@type\":\"Organization\",\"@id\":\"https:\/\/apbarberstudio.com\/es\/#organization\",\"name\":\"Armando Palacios Barber Studio\",\"alternateName\":\"AP Barber Studio\",\"url\":\"https:\/\/apbarberstudio.com\/es\/\",\"logo\":{\"@type\":\"ImageObject\",\"inLanguage\":\"es\",\"@id\":\"https:\/\/apbarberstudio.com\/es\/#\/schema\/logo\/image\/\",\"url\":\"https:\/\/apbarberstudio.com\/wp-content\/uploads\/2024\/03\/Armando_Palacios_Final_Logo-1.svg\",\"contentUrl\":\"https:\/\/apbarberstudio.com\/wp-content\/uploads\/2024\/03\/Armando_Palacios_Final_Logo-1.svg\",\"width\":604,\"height\":302,\"caption\":\"Armando Palacios Barber Studio\"},\"image\":{\"@id\":\"https:\/\/apbarberstudio.com\/es\/#\/schema\/logo\/image\/\"},\"sameAs\":[\"https:\/\/www.facebook.com\/profile.php?id=100067194279101&locale=es_LA\",\"https:\/\/www.instagram.com\/ap.barberstudio\/\"]}]}<\/script>\n<!-- \/ Yoast SEO plugin. -->","yoast_head_json":{"title":"Apoyando a nuestra comunidad - Armando Palacios Barber Studio","description":"En Armando Palacios Barber Studio, nuestra pasi\u00f3n va m\u00e1s all\u00e1 de crear cortes de pelo geniales, apoyando y elevando activamente a nuestra comunidad. Apoyamos varias iniciativas centradas en la comunidad y estamos comprometidos con los esfuerzos continuos para retribuir.","robots":{"index":"index","follow":"follow","max-snippet":"max-snippet:-1","max-image-preview":"max-image-preview:large","max-video-preview":"max-video-preview:-1"},"canonical":"https:\/\/apbarberstudio.com\/es\/apoyando-a-nuestra-comunidad\/","og_locale":"es_ES","og_type":"article","og_title":"Apoyando a nuestra comunidad - Armando Palacios Barber Studio","og_description":"En Armando Palacios Barber Studio, nuestra pasi\u00f3n va m\u00e1s all\u00e1 de crear cortes de pelo geniales, apoyando y elevando activamente a nuestra comunidad. Apoyamos varias iniciativas centradas en la comunidad y estamos comprometidos con los esfuerzos continuos para retribuir.","og_url":"https:\/\/apbarberstudio.com\/es\/apoyando-a-nuestra-comunidad\/","og_site_name":"Armando Palacios Barber Studio","article_publisher":"https:\/\/www.facebook.com\/profile.php?id=100067194279101&locale=es_LA","article_modified_time":"2025-10-06T13:58:39+00:00","og_image":[{"width":1920,"height":1350,"url":"https:\/\/apbarberstudio.com\/wp-content\/uploads\/2025\/05\/DSC03712-e1748109751201.jpeg","type":"image\/jpeg"}],"twitter_card":"summary_large_image","twitter_misc":{"Tiempo de lectura":"6 minutos"},"schema":{"@context":"https:\/\/schema.org","@graph":[{"@type":"WebPage","@id":"https:\/\/apbarberstudio.com\/es\/apoyando-a-nuestra-comunidad\/","url":"https:\/\/apbarberstudio.com\/es\/apoyando-a-nuestra-comunidad\/","name":"Apoyando a nuestra comunidad - Armando Palacios Barber Studio","isPartOf":{"@id":"https:\/\/apbarberstudio.com\/es\/#website"},"datePublished":"2025-05-27T20:23:38+00:00","dateModified":"2025-10-06T13:58:39+00:00","description":"En Armando Palacios Barber Studio, nuestra pasi\u00f3n va m\u00e1s all\u00e1 de crear cortes de pelo geniales, apoyando y elevando activamente a nuestra comunidad. Apoyamos varias iniciativas centradas en la comunidad y estamos comprometidos con los esfuerzos continuos para retribuir.","breadcrumb":{"@id":"https:\/\/apbarberstudio.com\/es\/apoyando-a-nuestra-comunidad\/#breadcrumb"},"inLanguage":"es","potentialAction":[{"@type":"ReadAction","target":["https:\/\/apbarberstudio.com\/es\/apoyando-a-nuestra-comunidad\/"]}]},{"@type":"BreadcrumbList","@id":"https:\/\/apbarberstudio.com\/es\/apoyando-a-nuestra-comunidad\/#breadcrumb","itemListElement":[{"@type":"ListItem","position":1,"name":"Home","item":"https:\/\/apbarberstudio.com\/es\/inicio\/"},{"@type":"ListItem","position":2,"name":"Apoyando a nuestra comunidad"}]},{"@type":"WebSite","@id":"https:\/\/apbarberstudio.com\/es\/#website","url":"https:\/\/apbarberstudio.com\/es\/","name":"Armando Palacios Barber Studio","description":"Experience Premium Grooming and Relaxing Care in Brickell and Coral Gables","publisher":{"@id":"https:\/\/apbarberstudio.com\/es\/#organization"},"alternateName":"AP Barber Studio","potentialAction":[{"@type":"SearchAction","target":{"@type":"EntryPoint","urlTemplate":"https:\/\/apbarberstudio.com\/es\/?s={search_term_string}"},"query-input":{"@type":"PropertyValueSpecification","valueRequired":true,"valueName":"search_term_string"}}],"inLanguage":"es"},{"@type":"Organization","@id":"https:\/\/apbarberstudio.com\/es\/#organization","name":"Armando Palacios Barber Studio","alternateName":"AP Barber Studio","url":"https:\/\/apbarberstudio.com\/es\/","logo":{"@type":"ImageObject","inLanguage":"es","@id":"https:\/\/apbarberstudio.com\/es\/#\/schema\/logo\/image\/","url":"https:\/\/apbarberstudio.com\/wp-content\/uploads\/2024\/03\/Armando_Palacios_Final_Logo-1.svg","contentUrl":"https:\/\/apbarberstudio.com\/wp-content\/uploads\/2024\/03\/Armando_Palacios_Final_Logo-1.svg","width":604,"height":302,"caption":"Armando Palacios Barber Studio"},"image":{"@id":"https:\/\/apbarberstudio.com\/es\/#\/schema\/logo\/image\/"},"sameAs":["https:\/\/www.facebook.com\/profile.php?id=100067194279101&locale=es_LA","https:\/\/www.instagram.com\/ap.barberstudio\/"]}]}},"_links":{"self":[{"href":"https:\/\/apbarberstudio.com\/es\/wp-json\/wp\/v2\/pages\/7918","targetHints":{"allow":["GET"]}}],"collection":[{"href":"https:\/\/apbarberstudio.com\/es\/wp-json\/wp\/v2\/pages"}],"about":[{"href":"https:\/\/apbarberstudio.com\/es\/wp-json\/wp\/v2\/types\/page"}],"author":[{"embeddable":true,"href":"https:\/\/apbarberstudio.com\/es\/wp-json\/wp\/v2\/users\/11"}],"replies":[{"embeddable":true,"href":"https:\/\/apbarberstudio.com\/es\/wp-json\/wp\/v2\/comments?post=7918"}],"version-history":[{"count":4,"href":"https:\/\/apbarberstudio.com\/es\/wp-json\/wp\/v2\/pages\/7918\/revisions"}],"predecessor-version":[{"id":8133,"href":"https:\/\/apbarberstudio.com\/es\/wp-json\/wp\/v2\/pages\/7918\/revisions\/8133"}],"wp:attachment":[{"href":"https:\/\/apbarberstudio.com\/es\/wp-json\/wp\/v2\/media?parent=7918"}],"wp:term":[{"taxonomy":"difl_page_category","embeddable":true,"href":"https:\/\/apbarberstudio.com\/es\/wp-json\/wp\/v2\/difl_page_category?post=7918"}],"curies":[{"name":"wp","href":"https:\/\/api.w.org\/{rel}","templated":true}]}}