{"id":7903,"date":"2025-04-22T19:20:23","date_gmt":"2025-04-22T23:20:23","guid":{"rendered":"https:\/\/apbarberstudio.com\/blog\/"},"modified":"2025-10-03T09:27:44","modified_gmt":"2025-10-03T13:27:44","slug":"blog","status":"publish","type":"page","link":"https:\/\/apbarberstudio.com\/es\/blog\/","title":{"rendered":"Blog"},"content":{"rendered":"\n[et_pb_section admin_label=\u00bbsection\u00bb]\n\t\t\t[et_pb_row admin_label=\u00bbfila\u00bb]\n\t\t\t\t[et_pb_column type=\u00bb4_4&#8243;][et_pb_text admin_label=\u00bbText\u00bb][\/et_pb_text][\/et_pb_column]\n\t\t\t[\/et_pb_row]\n\t\t[\/et_pb_section]\n","protected":false},"excerpt":{"rendered":"","protected":false},"author":11,"featured_media":7904,"parent":0,"menu_order":11,"comment_status":"closed","ping_status":"closed","template":"","meta":{"_acf_changed":false,"_et_pb_use_builder":"on","_et_pb_old_content":"","_et_gb_content_width":"","footnotes":""},"difl_page_category":[],"class_list":["post-7903","page","type-page","status-publish","has-post-thumbnail","hentry"],"acf":[],"yoast_head":"<!-- This site is optimized with the Yoast SEO plugin v26.9 - https:\/\/yoast.com\/product\/yoast-seo-wordpress\/ -->\n<title>M\u00e1s all\u00e1 del corte - Armando Palacios Barber Studio<\/title>\n<meta name=\"description\" content=\"Ve \u2018M\u00e1s all\u00e1 del corte\u2019 con Armando Palacios. Esta es tu fuente para algo m\u00e1s que consejos de aseo est\u00e1ndar; es la perspectiva de Armando sobre el arte de la barber\u00eda, ideas de estilo personal, tendencias de Miami y la experiencia comunitaria \u00fanica cultivada en sus barber\u00edas.\" \/>\n<meta name=\"robots\" content=\"index, follow, max-snippet:-1, max-image-preview:large, max-video-preview:-1\" \/>\n<link rel=\"canonical\" href=\"https:\/\/apbarberstudio.com\/es\/blog\/\" \/>\n<meta property=\"og:locale\" content=\"es_ES\" \/>\n<meta property=\"og:type\" content=\"article\" \/>\n<meta property=\"og:title\" content=\"M\u00e1s all\u00e1 del corte - Armando Palacios Barber Studio\" \/>\n<meta property=\"og:description\" content=\"Ve \u2018M\u00e1s all\u00e1 del corte\u2019 con Armando Palacios. Esta es tu fuente para algo m\u00e1s que consejos de aseo est\u00e1ndar; es la perspectiva de Armando sobre el arte de la barber\u00eda, ideas de estilo personal, tendencias de Miami y la experiencia comunitaria \u00fanica cultivada en sus barber\u00edas.\" \/>\n<meta property=\"og:url\" content=\"https:\/\/apbarberstudio.com\/es\/blog\/\" \/>\n<meta property=\"og:site_name\" content=\"Armando Palacios Barber Studio\" \/>\n<meta property=\"article:publisher\" content=\"https:\/\/www.facebook.com\/profile.php?id=100067194279101&amp;locale=es_LA\" \/>\n<meta property=\"article:modified_time\" content=\"2025-10-03T13:27:44+00:00\" \/>\n<meta property=\"og:image\" content=\"https:\/\/apbarberstudio.com\/wp-content\/uploads\/2025\/05\/LDF-139.jpeg\" \/>\n\t<meta property=\"og:image:width\" content=\"2048\" \/>\n\t<meta property=\"og:image:height\" content=\"1365\" \/>\n\t<meta property=\"og:image:type\" content=\"image\/jpeg\" \/>\n<meta name=\"twitter:card\" content=\"summary_large_image\" \/>\n<script type=\"application\/ld+json\" class=\"yoast-schema-graph\">{\"@context\":\"https:\/\/schema.org\",\"@graph\":[{\"@type\":\"WebPage\",\"@id\":\"https:\/\/apbarberstudio.com\/es\/blog\/\",\"url\":\"https:\/\/apbarberstudio.com\/es\/blog\/\",\"name\":\"M\u00e1s all\u00e1 del corte - Armando Palacios Barber Studio\",\"isPartOf\":{\"@id\":\"https:\/\/apbarberstudio.com\/es\/#website\"},\"primaryImageOfPage\":{\"@id\":\"https:\/\/apbarberstudio.com\/es\/blog\/#primaryimage\"},\"image\":{\"@id\":\"https:\/\/apbarberstudio.com\/es\/blog\/#primaryimage\"},\"thumbnailUrl\":\"https:\/\/apbarberstudio.com\/wp-content\/uploads\/2025\/05\/LDF-139.jpeg\",\"datePublished\":\"2025-04-22T23:20:23+00:00\",\"dateModified\":\"2025-10-03T13:27:44+00:00\",\"description\":\"Ve \u2018M\u00e1s all\u00e1 del corte\u2019 con Armando Palacios. Esta es tu fuente para algo m\u00e1s que consejos de aseo est\u00e1ndar; es la perspectiva de Armando sobre el arte de la barber\u00eda, ideas de estilo personal, tendencias de Miami y la experiencia comunitaria \u00fanica cultivada en sus barber\u00edas.\",\"breadcrumb\":{\"@id\":\"https:\/\/apbarberstudio.com\/es\/blog\/#breadcrumb\"},\"inLanguage\":\"es\",\"potentialAction\":[{\"@type\":\"ReadAction\",\"target\":[\"https:\/\/apbarberstudio.com\/es\/blog\/\"]}]},{\"@type\":\"ImageObject\",\"inLanguage\":\"es\",\"@id\":\"https:\/\/apbarberstudio.com\/es\/blog\/#primaryimage\",\"url\":\"https:\/\/apbarberstudio.com\/wp-content\/uploads\/2025\/05\/LDF-139.jpeg\",\"contentUrl\":\"https:\/\/apbarberstudio.com\/wp-content\/uploads\/2025\/05\/LDF-139.jpeg\",\"width\":2048,\"height\":1365,\"caption\":\"Armando Palacios\"},{\"@type\":\"BreadcrumbList\",\"@id\":\"https:\/\/apbarberstudio.com\/es\/blog\/#breadcrumb\",\"itemListElement\":[{\"@type\":\"ListItem\",\"position\":1,\"name\":\"Home\",\"item\":\"https:\/\/apbarberstudio.com\/es\/inicio\/\"},{\"@type\":\"ListItem\",\"position\":2,\"name\":\"Blog\"}]},{\"@type\":\"WebSite\",\"@id\":\"https:\/\/apbarberstudio.com\/es\/#website\",\"url\":\"https:\/\/apbarberstudio.com\/es\/\",\"name\":\"Armando Palacios Barber Studio\",\"description\":\"Experience Premium Grooming and Relaxing Care in Brickell and Coral Gables\",\"publisher\":{\"@id\":\"https:\/\/apbarberstudio.com\/es\/#organization\"},\"alternateName\":\"AP Barber Studio\",\"potentialAction\":[{\"@type\":\"SearchAction\",\"target\":{\"@type\":\"EntryPoint\",\"urlTemplate\":\"https:\/\/apbarberstudio.com\/es\/?s={search_term_string}\"},\"query-input\":{\"@type\":\"PropertyValueSpecification\",\"valueRequired\":true,\"valueName\":\"search_term_string\"}}],\"inLanguage\":\"es\"},{\"@type\":\"Organization\",\"@id\":\"https:\/\/apbarberstudio.com\/es\/#organization\",\"name\":\"Armando Palacios Barber Studio\",\"alternateName\":\"AP Barber Studio\",\"url\":\"https:\/\/apbarberstudio.com\/es\/\",\"logo\":{\"@type\":\"ImageObject\",\"inLanguage\":\"es\",\"@id\":\"https:\/\/apbarberstudio.com\/es\/#\/schema\/logo\/image\/\",\"url\":\"https:\/\/apbarberstudio.com\/wp-content\/uploads\/2024\/03\/Armando_Palacios_Final_Logo-1.svg\",\"contentUrl\":\"https:\/\/apbarberstudio.com\/wp-content\/uploads\/2024\/03\/Armando_Palacios_Final_Logo-1.svg\",\"width\":604,\"height\":302,\"caption\":\"Armando Palacios Barber Studio\"},\"image\":{\"@id\":\"https:\/\/apbarberstudio.com\/es\/#\/schema\/logo\/image\/\"},\"sameAs\":[\"https:\/\/www.facebook.com\/profile.php?id=100067194279101&locale=es_LA\",\"https:\/\/www.instagram.com\/ap.barberstudio\/\"]}]}<\/script>\n<!-- \/ Yoast SEO plugin. -->","yoast_head_json":{"title":"M\u00e1s all\u00e1 del corte - Armando Palacios Barber Studio","description":"Ve \u2018M\u00e1s all\u00e1 del corte\u2019 con Armando Palacios. Esta es tu fuente para algo m\u00e1s que consejos de aseo est\u00e1ndar; es la perspectiva de Armando sobre el arte de la barber\u00eda, ideas de estilo personal, tendencias de Miami y la experiencia comunitaria \u00fanica cultivada en sus barber\u00edas.","robots":{"index":"index","follow":"follow","max-snippet":"max-snippet:-1","max-image-preview":"max-image-preview:large","max-video-preview":"max-video-preview:-1"},"canonical":"https:\/\/apbarberstudio.com\/es\/blog\/","og_locale":"es_ES","og_type":"article","og_title":"M\u00e1s all\u00e1 del corte - Armando Palacios Barber Studio","og_description":"Ve \u2018M\u00e1s all\u00e1 del corte\u2019 con Armando Palacios. Esta es tu fuente para algo m\u00e1s que consejos de aseo est\u00e1ndar; es la perspectiva de Armando sobre el arte de la barber\u00eda, ideas de estilo personal, tendencias de Miami y la experiencia comunitaria \u00fanica cultivada en sus barber\u00edas.","og_url":"https:\/\/apbarberstudio.com\/es\/blog\/","og_site_name":"Armando Palacios Barber Studio","article_publisher":"https:\/\/www.facebook.com\/profile.php?id=100067194279101&locale=es_LA","article_modified_time":"2025-10-03T13:27:44+00:00","og_image":[{"width":2048,"height":1365,"url":"https:\/\/apbarberstudio.com\/wp-content\/uploads\/2025\/05\/LDF-139.jpeg","type":"image\/jpeg"}],"twitter_card":"summary_large_image","schema":{"@context":"https:\/\/schema.org","@graph":[{"@type":"WebPage","@id":"https:\/\/apbarberstudio.com\/es\/blog\/","url":"https:\/\/apbarberstudio.com\/es\/blog\/","name":"M\u00e1s all\u00e1 del corte - Armando Palacios Barber Studio","isPartOf":{"@id":"https:\/\/apbarberstudio.com\/es\/#website"},"primaryImageOfPage":{"@id":"https:\/\/apbarberstudio.com\/es\/blog\/#primaryimage"},"image":{"@id":"https:\/\/apbarberstudio.com\/es\/blog\/#primaryimage"},"thumbnailUrl":"https:\/\/apbarberstudio.com\/wp-content\/uploads\/2025\/05\/LDF-139.jpeg","datePublished":"2025-04-22T23:20:23+00:00","dateModified":"2025-10-03T13:27:44+00:00","description":"Ve \u2018M\u00e1s all\u00e1 del corte\u2019 con Armando Palacios. Esta es tu fuente para algo m\u00e1s que consejos de aseo est\u00e1ndar; es la perspectiva de Armando sobre el arte de la barber\u00eda, ideas de estilo personal, tendencias de Miami y la experiencia comunitaria \u00fanica cultivada en sus barber\u00edas.","breadcrumb":{"@id":"https:\/\/apbarberstudio.com\/es\/blog\/#breadcrumb"},"inLanguage":"es","potentialAction":[{"@type":"ReadAction","target":["https:\/\/apbarberstudio.com\/es\/blog\/"]}]},{"@type":"ImageObject","inLanguage":"es","@id":"https:\/\/apbarberstudio.com\/es\/blog\/#primaryimage","url":"https:\/\/apbarberstudio.com\/wp-content\/uploads\/2025\/05\/LDF-139.jpeg","contentUrl":"https:\/\/apbarberstudio.com\/wp-content\/uploads\/2025\/05\/LDF-139.jpeg","width":2048,"height":1365,"caption":"Armando Palacios"},{"@type":"BreadcrumbList","@id":"https:\/\/apbarberstudio.com\/es\/blog\/#breadcrumb","itemListElement":[{"@type":"ListItem","position":1,"name":"Home","item":"https:\/\/apbarberstudio.com\/es\/inicio\/"},{"@type":"ListItem","position":2,"name":"Blog"}]},{"@type":"WebSite","@id":"https:\/\/apbarberstudio.com\/es\/#website","url":"https:\/\/apbarberstudio.com\/es\/","name":"Armando Palacios Barber Studio","description":"Experience Premium Grooming and Relaxing Care in Brickell and Coral Gables","publisher":{"@id":"https:\/\/apbarberstudio.com\/es\/#organization"},"alternateName":"AP Barber Studio","potentialAction":[{"@type":"SearchAction","target":{"@type":"EntryPoint","urlTemplate":"https:\/\/apbarberstudio.com\/es\/?s={search_term_string}"},"query-input":{"@type":"PropertyValueSpecification","valueRequired":true,"valueName":"search_term_string"}}],"inLanguage":"es"},{"@type":"Organization","@id":"https:\/\/apbarberstudio.com\/es\/#organization","name":"Armando Palacios Barber Studio","alternateName":"AP Barber Studio","url":"https:\/\/apbarberstudio.com\/es\/","logo":{"@type":"ImageObject","inLanguage":"es","@id":"https:\/\/apbarberstudio.com\/es\/#\/schema\/logo\/image\/","url":"https:\/\/apbarberstudio.com\/wp-content\/uploads\/2024\/03\/Armando_Palacios_Final_Logo-1.svg","contentUrl":"https:\/\/apbarberstudio.com\/wp-content\/uploads\/2024\/03\/Armando_Palacios_Final_Logo-1.svg","width":604,"height":302,"caption":"Armando Palacios Barber Studio"},"image":{"@id":"https:\/\/apbarberstudio.com\/es\/#\/schema\/logo\/image\/"},"sameAs":["https:\/\/www.facebook.com\/profile.php?id=100067194279101&locale=es_LA","https:\/\/www.instagram.com\/ap.barberstudio\/"]}]}},"_links":{"self":[{"href":"https:\/\/apbarberstudio.com\/es\/wp-json\/wp\/v2\/pages\/7903","targetHints":{"allow":["GET"]}}],"collection":[{"href":"https:\/\/apbarberstudio.com\/es\/wp-json\/wp\/v2\/pages"}],"about":[{"href":"https:\/\/apbarberstudio.com\/es\/wp-json\/wp\/v2\/types\/page"}],"author":[{"embeddable":true,"href":"https:\/\/apbarberstudio.com\/es\/wp-json\/wp\/v2\/users\/11"}],"replies":[{"embeddable":true,"href":"https:\/\/apbarberstudio.com\/es\/wp-json\/wp\/v2\/comments?post=7903"}],"version-history":[{"count":2,"href":"https:\/\/apbarberstudio.com\/es\/wp-json\/wp\/v2\/pages\/7903\/revisions"}],"predecessor-version":[{"id":7906,"href":"https:\/\/apbarberstudio.com\/es\/wp-json\/wp\/v2\/pages\/7903\/revisions\/7906"}],"wp:featuredmedia":[{"embeddable":true,"href":"https:\/\/apbarberstudio.com\/es\/wp-json\/wp\/v2\/media\/7904"}],"wp:attachment":[{"href":"https:\/\/apbarberstudio.com\/es\/wp-json\/wp\/v2\/media?parent=7903"}],"wp:term":[{"taxonomy":"difl_page_category","embeddable":true,"href":"https:\/\/apbarberstudio.com\/es\/wp-json\/wp\/v2\/difl_page_category?post=7903"}],"curies":[{"name":"wp","href":"https:\/\/api.w.org\/{rel}","templated":true}]}}